{"id":776,"date":"2020-01-11T20:42:54","date_gmt":"2020-01-11T20:42:54","guid":{"rendered":"https:\/\/dermatologolaser.com\/treatments\/cicatrius-acne-estries\/"},"modified":"2020-03-20T16:29:15","modified_gmt":"2020-03-20T16:29:15","slug":"scars-marks","status":"publish","type":"page","link":"https:\/\/dermatologolaser.com\/en\/treatments\/scars-marks\/","title":{"rendered":"SCARS, ACNE MARKS AND STRETCH MARKS"},"content":{"rendered":"<div class=\"wpb-content-wrapper\"><p>[vc_row rsclass=&#8221;clean&#8221;][vc_column rsclass=&#8221;clean&#8221; el_class=&#8221;container&#8221;][vc_custom_heading text=&#8221;&#8221; font_container=&#8221;tag:p|text_align:left&#8221; use_theme_fonts=&#8221;yes&#8221; rs_decor_place=&#8221;1&#8243; rsouter=&#8221;text-center mb-4 tt_pt_34&#8243;][\/vc_custom_heading][\/vc_column][\/vc_row][vc_row][vc_column width=&#8221;1\/6&#8243;][\/vc_column][vc_column width=&#8221;2\/3&#8243;][vc_column_text]<\/p>\n<h5>Scars, acne marks or stretch marks can often be improved by using a light beam split into multiple thermal columns, thereby promoting the creation of new collagen tissue that is able to rearrange pre-existing scar tissue.<\/h5>\n<p>The goal is to conceal and improve the appearance, colour and feel of scars, acne marks and stretch marks.[\/vc_column_text][vc_empty_space][\/vc_column][vc_column width=&#8221;1\/6&#8243;][\/vc_column][\/vc_row][vc_row][vc_column width=&#8221;1\/6&#8243;][\/vc_column][vc_column width=&#8221;2\/3&#8243;][vc_empty_space][vc_single_image image=&#8221;425&#8243; img_size=&#8221;full&#8221; alignment=&#8221;center&#8221;][\/vc_single_image][vc_empty_space][\/vc_column][vc_column width=&#8221;1\/6&#8243;][\/vc_column][\/vc_row][vc_row content_placement=&#8221;middle&#8221;][vc_column width=&#8221;1\/6&#8243;][\/vc_column][vc_column width=&#8221;2\/3&#8243;][vc_empty_space][vc_column_text]<\/p>\n<h4>What does the treatment involve?<\/h4>\n<p>We use the <a href=\"https:\/\/dermatologolaser.com\/laser-nordlys\/\"><strong>Frax1550 laser<\/strong><\/a> from the Nordlys platform with the aim of warming up the deep layers of the skin and rearranging the scar fibres.<\/p>\n<p>Because working at high temperatures can be uncomfortable it is usually recommended to use an anaesthetic ointment applied to the area to be treated 30 minutes before the start of the session. The laser touching the skin causes an inflammation and redness that lasts 4 days. It is necessary to carry out several separate sessions with a month and a half between them in order to achieve the desired effect.[\/vc_column_text][vc_empty_space][vc_empty_space][\/vc_column][vc_column width=&#8221;1\/6&#8243;][\/vc_column][\/vc_row][vc_section css=&#8221;.vc_custom_1577984689605{background-color: #49b0c1 !important;}&#8221;][vc_row][vc_column css=&#8221;.vc_custom_1577984724005{background-color: #49b0c1 !important;}&#8221;][vc_row_inner][vc_column_inner width=&#8221;1\/6&#8243;][\/vc_column_inner][vc_column_inner width=&#8221;2\/3&#8243;][vc_column_text rsclass=&#8221;clean&#8221;]<\/p>\n<h2 class=\"tt\"><span style=\"color: #ffffff;\">I find myself in this situation.<\/span><\/h2>\n<div class=\"h-decor\"><\/div>\n<p>[\/vc_column_text][vc_column_text]<span style=\"color: #ffffff;\">Do not hesitate to contact one of the clinics where I work and ask for an appointment.<\/span>[\/vc_column_text][vc_empty_space][vc_btn title=&#8221;CONTACT&#8221; style=&#8221;outline&#8221; shape=&#8221;square&#8221; color=&#8221;white&#8221; link=&#8221;url:https%3A%2F%2Fdermatologolaser.com%2Fen%2Fcontact-dermatologist-laser%2F|title:Contact%20now||&#8221;][vc_empty_space][\/vc_column_inner][vc_column_inner width=&#8221;1\/6&#8243;][\/vc_column_inner][\/vc_row_inner][\/vc_column][\/vc_row][\/vc_section]<\/p>\n<\/div>","protected":false},"excerpt":{"rendered":"<p>[vc_row rsclass=&#8221;clean&#8221;][vc_column rsclass=&#8221;clean&#8221; el_class=&#8221;container&#8221;][vc_custom_heading text=&#8221;&#8221; font_container=&#8221;tag:p|text_align:left&#8221; use_theme_fonts=&#8221;yes&#8221; rs_decor_place=&#8221;1&#8243; rsouter=&#8221;text-center mb-4 tt_pt_34&#8243;][\/vc_custom_heading][\/vc_column][\/vc_row][vc_row][vc_column width=&#8221;1\/6&#8243;][\/vc_column][vc_column width=&#8221;2\/3&#8243;][vc_column_text] Scars, acne marks or stretch marks can often be improved by using a light beam split into multiple thermal columns, thereby promoting the creation of new collagen tissue that is able to rearrange pre-existing scar tissue. The goal is to conceal and <\/p>\n<div class=\"btn-more-wrapper\"><a href=\"https:\/\/dermatologolaser.com\/en\/treatments\/scars-marks\/\" class=\"btn btn-sm btn-hover-fill\"><svg class=\"icon icon-right-arrow\" version=\"1.1\" xmlns=\"http:\/\/www.w3.org\/2000\/svg\" width=\"32\" height=\"32\" viewBox=\"0 0 32 32\"><path d=\"M21.548 5.088c-0.436-0.451-1.162-0.451-1.613 0-0.436 0.436-0.436 1.162 0 1.596l8.177 8.177h-26.984c-0.629 0.001-1.129 0.501-1.129 1.13s0.5 1.145 1.129 1.145h26.984l-8.177 8.162c-0.436 0.451-0.436 1.178 0 1.613 0.451 0.451 1.178 0.451 1.613 0l10.113-10.113c0.451-0.436 0.451-1.162 0-1.596l-10.113-10.114z\"><\/path><\/svg>Read More<span class=\"screen-reader-text\"> &#8220;SCARS, ACNE MARKS AND STRETCH MARKS&#8221;<\/span><svg class=\"icon icon-right-arrow\" version=\"1.1\" xmlns=\"http:\/\/www.w3.org\/2000\/svg\" width=\"32\" height=\"32\" viewBox=\"0 0 32 32\"><path d=\"M21.548 5.088c-0.436-0.451-1.162-0.451-1.613 0-0.436 0.436-0.436 1.162 0 1.596l8.177 8.177h-26.984c-0.629 0.001-1.129 0.501-1.129 1.13s0.5 1.145 1.129 1.145h26.984l-8.177 8.162c-0.436 0.451-0.436 1.178 0 1.613 0.451 0.451 1.178 0.451 1.613 0l10.113-10.113c0.451-0.436 0.451-1.162 0-1.596l-10.113-10.114z\"><\/path><\/svg><\/a><\/div>\n","protected":false},"author":1,"featured_media":0,"parent":723,"menu_order":4,"comment_status":"closed","ping_status":"closed","template":"custompagett.php","meta":{"footnotes":""},"class_list":["post-776","page","type-page","status-publish","hentry"],"yoast_head":"<!-- This site is optimized with the Yoast SEO plugin v26.9 - https:\/\/yoast.com\/product\/yoast-seo-wordpress\/ -->\n<title>DELETE SCARS, ACNE MARKS AND STRETCH MARKS. Dr Brugu\u00e9s<\/title>\n<meta name=\"description\" content=\"ELIMINAR CICATRIUS, MARQUES D&#039;ACNE I ESTRIES o millorar-ne la visualitzaci\u00f3 amb el l\u00e0ser fraccionat a Barcelona i Andorra\" \/>\n<meta name=\"robots\" content=\"index, follow, max-snippet:-1, max-image-preview:large, max-video-preview:-1\" \/>\n<link rel=\"canonical\" href=\"https:\/\/dermatologolaser.com\/tractaments\/cicatrius-acne-estries\/\" \/>\n<meta property=\"og:locale\" content=\"en_US\" \/>\n<meta property=\"og:type\" content=\"article\" \/>\n<meta property=\"og:title\" content=\"DELETE SCARS, ACNE MARKS AND STRETCH MARKS. Dr Brugu\u00e9s\" \/>\n<meta property=\"og:description\" content=\"ELIMINAR CICATRIUS, MARQUES D&#039;ACNE I ESTRIES o millorar-ne la visualitzaci\u00f3 amb el l\u00e0ser fraccionat a Barcelona i Andorra\" \/>\n<meta property=\"og:url\" content=\"https:\/\/dermatologolaser.com\/tractaments\/cicatrius-acne-estries\/\" \/>\n<meta property=\"og:site_name\" content=\"Dr. Albert Brugu\u00e9s\" \/>\n<meta property=\"article:modified_time\" content=\"2020-03-20T16:29:15+00:00\" \/>\n<meta name=\"twitter:card\" content=\"summary_large_image\" \/>\n<meta name=\"twitter:label1\" content=\"Est. reading time\" \/>\n\t<meta name=\"twitter:data1\" content=\"2 minutes\" \/>\n<script type=\"application\/ld+json\" class=\"yoast-schema-graph\">{\"@context\":\"https:\/\/schema.org\",\"@graph\":[{\"@type\":\"WebPage\",\"@id\":\"https:\/\/dermatologolaser.com\/tractaments\/cicatrius-acne-estries\/\",\"url\":\"https:\/\/dermatologolaser.com\/tractaments\/cicatrius-acne-estries\/\",\"name\":\"DELETE SCARS, ACNE MARKS AND STRETCH MARKS. Dr Brugu\u00e9s\",\"isPartOf\":{\"@id\":\"https:\/\/dermatologolaser.com\/#website\"},\"datePublished\":\"2020-01-11T20:42:54+00:00\",\"dateModified\":\"2020-03-20T16:29:15+00:00\",\"description\":\"ELIMINAR CICATRIUS, MARQUES D'ACNE I ESTRIES o millorar-ne la visualitzaci\u00f3 amb el l\u00e0ser fraccionat a Barcelona i Andorra\",\"breadcrumb\":{\"@id\":\"https:\/\/dermatologolaser.com\/tractaments\/cicatrius-acne-estries\/#breadcrumb\"},\"inLanguage\":\"en-US\",\"potentialAction\":[{\"@type\":\"ReadAction\",\"target\":[\"https:\/\/dermatologolaser.com\/tractaments\/cicatrius-acne-estries\/\"]}]},{\"@type\":\"BreadcrumbList\",\"@id\":\"https:\/\/dermatologolaser.com\/tractaments\/cicatrius-acne-estries\/#breadcrumb\",\"itemListElement\":[{\"@type\":\"ListItem\",\"position\":1,\"name\":\"Inici\",\"item\":\"https:\/\/dermatologolaser.com\/en\/\"},{\"@type\":\"ListItem\",\"position\":2,\"name\":\"TREATMENTS\",\"item\":\"https:\/\/dermatologolaser.com\/tractaments\/\"},{\"@type\":\"ListItem\",\"position\":3,\"name\":\"SCARS, ACNE MARKS AND STRETCH MARKS\"}]},{\"@type\":\"WebSite\",\"@id\":\"https:\/\/dermatologolaser.com\/#website\",\"url\":\"https:\/\/dermatologolaser.com\/\",\"name\":\"Dr. Albert Brugu\u00e9s\",\"description\":\"Dermatologo en Barcelona y Andorra\",\"publisher\":{\"@id\":\"https:\/\/dermatologolaser.com\/#organization\"},\"potentialAction\":[{\"@type\":\"SearchAction\",\"target\":{\"@type\":\"EntryPoint\",\"urlTemplate\":\"https:\/\/dermatologolaser.com\/?s={search_term_string}\"},\"query-input\":{\"@type\":\"PropertyValueSpecification\",\"valueRequired\":true,\"valueName\":\"search_term_string\"}}],\"inLanguage\":\"en-US\"},{\"@type\":\"Organization\",\"@id\":\"https:\/\/dermatologolaser.com\/#organization\",\"name\":\"Dr. Albert Brugu\u00e9s\",\"url\":\"https:\/\/dermatologolaser.com\/\",\"logo\":{\"@type\":\"ImageObject\",\"inLanguage\":\"en-US\",\"@id\":\"https:\/\/dermatologolaser.com\/#\/schema\/logo\/image\/\",\"url\":\"https:\/\/dermatologolaser.com\/wp-content\/uploads\/2020\/01\/cropped-logo_blau-1.png\",\"contentUrl\":\"https:\/\/dermatologolaser.com\/wp-content\/uploads\/2020\/01\/cropped-logo_blau-1.png\",\"width\":1000,\"height\":250,\"caption\":\"Dr. Albert Brugu\u00e9s\"},\"image\":{\"@id\":\"https:\/\/dermatologolaser.com\/#\/schema\/logo\/image\/\"}}]}<\/script>\n<!-- \/ Yoast SEO plugin. -->","yoast_head_json":{"title":"DELETE SCARS, ACNE MARKS AND STRETCH MARKS. Dr Brugu\u00e9s","description":"ELIMINAR CICATRIUS, MARQUES D'ACNE I ESTRIES o millorar-ne la visualitzaci\u00f3 amb el l\u00e0ser fraccionat a Barcelona i Andorra","robots":{"index":"index","follow":"follow","max-snippet":"max-snippet:-1","max-image-preview":"max-image-preview:large","max-video-preview":"max-video-preview:-1"},"canonical":"https:\/\/dermatologolaser.com\/tractaments\/cicatrius-acne-estries\/","og_locale":"en_US","og_type":"article","og_title":"DELETE SCARS, ACNE MARKS AND STRETCH MARKS. Dr Brugu\u00e9s","og_description":"ELIMINAR CICATRIUS, MARQUES D'ACNE I ESTRIES o millorar-ne la visualitzaci\u00f3 amb el l\u00e0ser fraccionat a Barcelona i Andorra","og_url":"https:\/\/dermatologolaser.com\/tractaments\/cicatrius-acne-estries\/","og_site_name":"Dr. Albert Brugu\u00e9s","article_modified_time":"2020-03-20T16:29:15+00:00","twitter_card":"summary_large_image","twitter_misc":{"Est. reading time":"2 minutes"},"schema":{"@context":"https:\/\/schema.org","@graph":[{"@type":"WebPage","@id":"https:\/\/dermatologolaser.com\/tractaments\/cicatrius-acne-estries\/","url":"https:\/\/dermatologolaser.com\/tractaments\/cicatrius-acne-estries\/","name":"DELETE SCARS, ACNE MARKS AND STRETCH MARKS. Dr Brugu\u00e9s","isPartOf":{"@id":"https:\/\/dermatologolaser.com\/#website"},"datePublished":"2020-01-11T20:42:54+00:00","dateModified":"2020-03-20T16:29:15+00:00","description":"ELIMINAR CICATRIUS, MARQUES D'ACNE I ESTRIES o millorar-ne la visualitzaci\u00f3 amb el l\u00e0ser fraccionat a Barcelona i Andorra","breadcrumb":{"@id":"https:\/\/dermatologolaser.com\/tractaments\/cicatrius-acne-estries\/#breadcrumb"},"inLanguage":"en-US","potentialAction":[{"@type":"ReadAction","target":["https:\/\/dermatologolaser.com\/tractaments\/cicatrius-acne-estries\/"]}]},{"@type":"BreadcrumbList","@id":"https:\/\/dermatologolaser.com\/tractaments\/cicatrius-acne-estries\/#breadcrumb","itemListElement":[{"@type":"ListItem","position":1,"name":"Inici","item":"https:\/\/dermatologolaser.com\/en\/"},{"@type":"ListItem","position":2,"name":"TREATMENTS","item":"https:\/\/dermatologolaser.com\/tractaments\/"},{"@type":"ListItem","position":3,"name":"SCARS, ACNE MARKS AND STRETCH MARKS"}]},{"@type":"WebSite","@id":"https:\/\/dermatologolaser.com\/#website","url":"https:\/\/dermatologolaser.com\/","name":"Dr. Albert Brugu\u00e9s","description":"Dermatologo en Barcelona y Andorra","publisher":{"@id":"https:\/\/dermatologolaser.com\/#organization"},"potentialAction":[{"@type":"SearchAction","target":{"@type":"EntryPoint","urlTemplate":"https:\/\/dermatologolaser.com\/?s={search_term_string}"},"query-input":{"@type":"PropertyValueSpecification","valueRequired":true,"valueName":"search_term_string"}}],"inLanguage":"en-US"},{"@type":"Organization","@id":"https:\/\/dermatologolaser.com\/#organization","name":"Dr. Albert Brugu\u00e9s","url":"https:\/\/dermatologolaser.com\/","logo":{"@type":"ImageObject","inLanguage":"en-US","@id":"https:\/\/dermatologolaser.com\/#\/schema\/logo\/image\/","url":"https:\/\/dermatologolaser.com\/wp-content\/uploads\/2020\/01\/cropped-logo_blau-1.png","contentUrl":"https:\/\/dermatologolaser.com\/wp-content\/uploads\/2020\/01\/cropped-logo_blau-1.png","width":1000,"height":250,"caption":"Dr. Albert Brugu\u00e9s"},"image":{"@id":"https:\/\/dermatologolaser.com\/#\/schema\/logo\/image\/"}}]}},"_links":{"self":[{"href":"https:\/\/dermatologolaser.com\/en\/wp-json\/wp\/v2\/pages\/776","targetHints":{"allow":["GET"]}}],"collection":[{"href":"https:\/\/dermatologolaser.com\/en\/wp-json\/wp\/v2\/pages"}],"about":[{"href":"https:\/\/dermatologolaser.com\/en\/wp-json\/wp\/v2\/types\/page"}],"author":[{"embeddable":true,"href":"https:\/\/dermatologolaser.com\/en\/wp-json\/wp\/v2\/users\/1"}],"replies":[{"embeddable":true,"href":"https:\/\/dermatologolaser.com\/en\/wp-json\/wp\/v2\/comments?post=776"}],"version-history":[{"count":3,"href":"https:\/\/dermatologolaser.com\/en\/wp-json\/wp\/v2\/pages\/776\/revisions"}],"predecessor-version":[{"id":872,"href":"https:\/\/dermatologolaser.com\/en\/wp-json\/wp\/v2\/pages\/776\/revisions\/872"}],"up":[{"embeddable":true,"href":"https:\/\/dermatologolaser.com\/en\/wp-json\/wp\/v2\/pages\/723"}],"wp:attachment":[{"href":"https:\/\/dermatologolaser.com\/en\/wp-json\/wp\/v2\/media?parent=776"}],"curies":[{"name":"wp","href":"https:\/\/api.w.org\/{rel}","templated":true}]}}