{"id":716,"date":"2020-01-13T19:22:00","date_gmt":"2020-01-13T19:22:00","guid":{"rendered":"https:\/\/dermatologolaser.com\/berrugues-quistes\/"},"modified":"2020-03-30T10:50:49","modified_gmt":"2020-03-30T10:50:49","slug":"quitar-verrugas-quistes","status":"publish","type":"page","link":"https:\/\/dermatologolaser.com\/es\/tratamientos\/quitar-verrugas-quistes\/","title":{"rendered":"NEVUS, VERRUGAS Y QUISTES"},"content":{"rendered":"<div class=\"wpb-content-wrapper\"><p>[vc_row rsclass=\u00bbclean\u00bb][vc_column rsclass=\u00bbclean\u00bb el_class=\u00bbcontainer\u00bb][vc_custom_heading text=\u00bb\u00bb font_container=\u00bbtag:p|text_align:left\u00bb use_theme_fonts=\u00bbyes\u00bb rs_decor_place=\u00bb1&#8243; rsouter=\u00bbtext-center mb-4 tt_pt_34&#8243;][\/vc_custom_heading][\/vc_column][\/vc_row][vc_row][vc_column width=\u00bb1\/6&#8243;][\/vc_column][vc_column width=\u00bb2\/3&#8243;][vc_column_text]<\/p>\n<h4><span lang=\"CA\">El l\u00e1ser de <\/span>CO<sub>2 <\/sub><span lang=\"CA\">permite la eliminaci\u00f3n de pecas, verrugas y quistes de forma r\u00e1pida, minimizando el riesgo de cicatriz.<\/span><\/h4>\n<p><span lang=\"CA\">Los nevus, tambi\u00e9n llamados pecas, son c\u00famulos benignos de c\u00e9lulas presentes en la piel (melanocitos) que pueden resultar poco est\u00e9ticos o, en determinadas ocasiones, incluso presentar irritaci\u00f3n e inflamaci\u00f3n.<\/span><\/p>\n<p><span lang=\"CA\">Su eliminaci\u00f3n, previa valoraci\u00f3n dermatol\u00f3gica, es factible con el uso del l\u00e1ser de CO<\/span><sub>2 <\/sub><span lang=\"CA\">de una forma c\u00f3moda y eficaz.<\/span><span lang=\"CA\">\u00a0<\/span><\/p>\n<p>Tambi\u00e9n utilizamos el <a href=\"https:\/\/dermatologolaser.com\/es\/laser-nordlys\/\"><b><u>l\u00e1ser de CO<\/u><\/b><strong><sub>2<\/sub><\/strong><\/a><b><\/b> en nuestro d\u00eda a d\u00eda en la consulta para eliminar los quistes de grasa (conocidos como quistes epid\u00e9rmicos) y las queratosis o verrugas seborreicas, las cuales son lesiones benignas que suelen aparecer con la edad y tienen un factor hereditario asociado.[\/vc_column_text][\/vc_column][vc_column width=\u00bb1\/6&#8243;][\/vc_column][\/vc_row][vc_row][vc_column width=\u00bb1\/6&#8243;][\/vc_column][vc_column width=\u00bb2\/3&#8243;][vc_empty_space][vc_single_image image=\u00bb667&#8243; img_size=\u00bbfull\u00bb alignment=\u00bbcenter\u00bb][\/vc_single_image][vc_empty_space][\/vc_column][vc_column width=\u00bb1\/6&#8243;][\/vc_column][\/vc_row][vc_row content_placement=\u00bbmiddle\u00bb][vc_column width=\u00bb1\/6&#8243;][\/vc_column][vc_column width=\u00bb2\/3&#8243;][vc_column_text]<\/p>\n<h4>\u00bfEn qu\u00e9 consiste el tratamiento?<\/h4>\n<p>Primero se requiere la infiltraci\u00f3n de un anest\u00e9sico local en la lesi\u00f3n dermatol\u00f3gica, que posteriormente ser\u00e1 tratada con <a href=\"https:\/\/dermatologolaser.com\/es\/laser-nordlys\/\"><strong><u>l\u00e1ser CO<sub>2<\/sub><\/u><\/strong><\/a>. A causa de la intervenci\u00f3n quedar\u00e1 en la piel una herida que curar\u00e1 en 10 d\u00edas. Durante este per\u00edodo es recomendable evitar la exposici\u00f3n de la herida al sol y al agua.[\/vc_column_text][vc_empty_space][\/vc_column][vc_column width=\u00bb1\/6&#8243;][\/vc_column][\/vc_row][vc_row rsclass=\u00bbclean\u00bb][vc_column rsclass=\u00bbclean\u00bb el_class=\u00bbcontainer\u00bb][theme_gallery_popover_element gal_type=\u00bbtab_creative\u00bb show=\u00bb4&#8243; gal_gutter=\u00bb20&#8243; gal_images=\u00bb349,528&#8243; gal_images_popover=\u00bb350,527&#8243; gal_tabs_links=\u00bb1|2,3&#8243;][\/theme_gallery_popover_element][\/vc_column][\/vc_row][vc_section css=\u00bb.vc_custom_1577984689605{background-color: #49b0c1 !important;}\u00bb][vc_row][vc_column css=\u00bb.vc_custom_1577984724005{background-color: #49b0c1 !important;}\u00bb][vc_row_inner][vc_column_inner width=\u00bb1\/6&#8243;][\/vc_column_inner][vc_column_inner width=\u00bb2\/3&#8243;][vc_column_text rsclass=\u00bbclean\u00bb]<\/p>\n<h2 class=\"tt\"><span style=\"color: #ffffff;\">Quiero saber m\u00e1s sobre este tratamiento.<\/span><\/h2>\n<div class=\"h-decor\"><\/div>\n<p>[\/vc_column_text][vc_column_text]<span style=\"color: #ffffff;\">Si tienes una verruga, un quiste o un nevus y deseas saber si se puede eliminar para siempre, pide una visita en una de la cl\u00ednicas donde trabajo.<\/span>[\/vc_column_text][vc_empty_space][vc_btn title=\u00bbCONTACTA\u00bb style=\u00bboutline\u00bb shape=\u00bbsquare\u00bb color=\u00bbwhite\u00bb link=\u00bburl:https%3A%2F%2Fdermatologolaser.com%2Fes%2Fcontacto-dermatologo-laser%2F|title:Contacta||\u00bb][vc_empty_space][\/vc_column_inner][vc_column_inner width=\u00bb1\/6&#8243;][\/vc_column_inner][\/vc_row_inner][\/vc_column][\/vc_row][\/vc_section]<\/p>\n<\/div>","protected":false},"excerpt":{"rendered":"<p>[vc_row rsclass=\u00bbclean\u00bb][vc_column rsclass=\u00bbclean\u00bb el_class=\u00bbcontainer\u00bb][vc_custom_heading text=\u00bb\u00bb font_container=\u00bbtag:p|text_align:left\u00bb use_theme_fonts=\u00bbyes\u00bb rs_decor_place=\u00bb1&#8243; rsouter=\u00bbtext-center mb-4 tt_pt_34&#8243;][\/vc_custom_heading][\/vc_column][\/vc_row][vc_row][vc_column width=\u00bb1\/6&#8243;][\/vc_column][vc_column width=\u00bb2\/3&#8243;][vc_column_text] El l\u00e1ser de CO2 permite la eliminaci\u00f3n de pecas, verrugas y quistes de forma r\u00e1pida, minimizando el riesgo de cicatriz. Los nevus, tambi\u00e9n llamados pecas, son c\u00famulos benignos de c\u00e9lulas presentes en la piel (melanocitos) que pueden resultar poco est\u00e9ticos o, en <\/p>\n<div class=\"btn-more-wrapper\"><a href=\"https:\/\/dermatologolaser.com\/es\/tratamientos\/quitar-verrugas-quistes\/\" class=\"btn btn-sm btn-hover-fill\"><svg class=\"icon icon-right-arrow\" version=\"1.1\" xmlns=\"http:\/\/www.w3.org\/2000\/svg\" width=\"32\" height=\"32\" viewBox=\"0 0 32 32\"><path d=\"M21.548 5.088c-0.436-0.451-1.162-0.451-1.613 0-0.436 0.436-0.436 1.162 0 1.596l8.177 8.177h-26.984c-0.629 0.001-1.129 0.501-1.129 1.13s0.5 1.145 1.129 1.145h26.984l-8.177 8.162c-0.436 0.451-0.436 1.178 0 1.613 0.451 0.451 1.178 0.451 1.613 0l10.113-10.113c0.451-0.436 0.451-1.162 0-1.596l-10.113-10.114z\"><\/path><\/svg>Read More<span class=\"screen-reader-text\"> \u00abNEVUS, VERRUGAS Y QUISTES\u00bb<\/span><svg class=\"icon icon-right-arrow\" version=\"1.1\" xmlns=\"http:\/\/www.w3.org\/2000\/svg\" width=\"32\" height=\"32\" viewBox=\"0 0 32 32\"><path d=\"M21.548 5.088c-0.436-0.451-1.162-0.451-1.613 0-0.436 0.436-0.436 1.162 0 1.596l8.177 8.177h-26.984c-0.629 0.001-1.129 0.501-1.129 1.13s0.5 1.145 1.129 1.145h26.984l-8.177 8.162c-0.436 0.451-0.436 1.178 0 1.613 0.451 0.451 1.178 0.451 1.613 0l10.113-10.113c0.451-0.436 0.451-1.162 0-1.596l-10.113-10.114z\"><\/path><\/svg><\/a><\/div>\n","protected":false},"author":1,"featured_media":667,"parent":722,"menu_order":4,"comment_status":"closed","ping_status":"closed","template":"custompagett.php","meta":{"footnotes":""},"class_list":["post-716","page","type-page","status-publish","has-post-thumbnail","hentry"],"yoast_head":"<!-- This site is optimized with the Yoast SEO plugin v26.9 - https:\/\/yoast.com\/product\/yoast-seo-wordpress\/ -->\n<title>NEVUS, VERRUGAS Y QUISTES - Dr. Albert Brugu\u00e9s<\/title>\n<meta name=\"description\" content=\"La eliminaci\u00f3n de pecas, verrugas y quistes con el l\u00e1ser de CO2 en el centro Teknon de Barcelona o en Dermandtek en Andorra con el Dr. Brugu\u00e9s\" \/>\n<meta name=\"robots\" content=\"index, follow, max-snippet:-1, max-image-preview:large, max-video-preview:-1\" \/>\n<link rel=\"canonical\" href=\"https:\/\/dermatologolaser.com\/tractaments\/berrugues-quistes\/\" \/>\n<meta property=\"og:locale\" content=\"es_ES\" \/>\n<meta property=\"og:type\" content=\"article\" \/>\n<meta property=\"og:title\" content=\"NEVUS, VERRUGAS Y QUISTES - Dr. Albert Brugu\u00e9s\" \/>\n<meta property=\"og:description\" content=\"La eliminaci\u00f3n de pecas, verrugas y quistes con el l\u00e1ser de CO2 en el centro Teknon de Barcelona o en Dermandtek en Andorra con el Dr. Brugu\u00e9s\" \/>\n<meta property=\"og:url\" content=\"https:\/\/dermatologolaser.com\/tractaments\/berrugues-quistes\/\" \/>\n<meta property=\"og:site_name\" content=\"Dr. Albert Brugu\u00e9s\" \/>\n<meta property=\"article:modified_time\" content=\"2020-03-30T10:50:49+00:00\" \/>\n<meta property=\"og:image\" content=\"https:\/\/dermatologolaser.com\/wp-content\/uploads\/2020\/01\/berrugas-quistes-pecas.jpg\" \/>\n\t<meta property=\"og:image:width\" content=\"1250\" \/>\n\t<meta property=\"og:image:height\" content=\"480\" \/>\n\t<meta property=\"og:image:type\" content=\"image\/jpeg\" \/>\n<meta name=\"twitter:card\" content=\"summary_large_image\" \/>\n<meta name=\"twitter:label1\" content=\"Tiempo de lectura\" \/>\n\t<meta name=\"twitter:data1\" content=\"3 minutos\" \/>\n<script type=\"application\/ld+json\" class=\"yoast-schema-graph\">{\"@context\":\"https:\/\/schema.org\",\"@graph\":[{\"@type\":\"WebPage\",\"@id\":\"https:\/\/dermatologolaser.com\/tractaments\/berrugues-quistes\/\",\"url\":\"https:\/\/dermatologolaser.com\/tractaments\/berrugues-quistes\/\",\"name\":\"NEVUS, VERRUGAS Y QUISTES - Dr. Albert Brugu\u00e9s\",\"isPartOf\":{\"@id\":\"https:\/\/dermatologolaser.com\/#website\"},\"primaryImageOfPage\":{\"@id\":\"https:\/\/dermatologolaser.com\/tractaments\/berrugues-quistes\/#primaryimage\"},\"image\":{\"@id\":\"https:\/\/dermatologolaser.com\/tractaments\/berrugues-quistes\/#primaryimage\"},\"thumbnailUrl\":\"https:\/\/dermatologolaser.com\/wp-content\/uploads\/2020\/01\/berrugas-quistes-pecas.jpg\",\"datePublished\":\"2020-01-13T19:22:00+00:00\",\"dateModified\":\"2020-03-30T10:50:49+00:00\",\"description\":\"La eliminaci\u00f3n de pecas, verrugas y quistes con el l\u00e1ser de CO2 en el centro Teknon de Barcelona o en Dermandtek en Andorra con el Dr. Brugu\u00e9s\",\"breadcrumb\":{\"@id\":\"https:\/\/dermatologolaser.com\/tractaments\/berrugues-quistes\/#breadcrumb\"},\"inLanguage\":\"es\",\"potentialAction\":[{\"@type\":\"ReadAction\",\"target\":[\"https:\/\/dermatologolaser.com\/tractaments\/berrugues-quistes\/\"]}]},{\"@type\":\"ImageObject\",\"inLanguage\":\"es\",\"@id\":\"https:\/\/dermatologolaser.com\/tractaments\/berrugues-quistes\/#primaryimage\",\"url\":\"https:\/\/dermatologolaser.com\/wp-content\/uploads\/2020\/01\/berrugas-quistes-pecas.jpg\",\"contentUrl\":\"https:\/\/dermatologolaser.com\/wp-content\/uploads\/2020\/01\/berrugas-quistes-pecas.jpg\",\"width\":1250,\"height\":480,\"caption\":\"eliminaci\u00f3n verrugas quistes, pecas, verrugas, quistes\"},{\"@type\":\"BreadcrumbList\",\"@id\":\"https:\/\/dermatologolaser.com\/tractaments\/berrugues-quistes\/#breadcrumb\",\"itemListElement\":[{\"@type\":\"ListItem\",\"position\":1,\"name\":\"Inici\",\"item\":\"https:\/\/dermatologolaser.com\/\"},{\"@type\":\"ListItem\",\"position\":2,\"name\":\"TRATAMIENTOS\",\"item\":\"https:\/\/dermatologolaser.com\/tractaments\/\"},{\"@type\":\"ListItem\",\"position\":3,\"name\":\"NEVUS, VERRUGAS Y QUISTES\"}]},{\"@type\":\"WebSite\",\"@id\":\"https:\/\/dermatologolaser.com\/#website\",\"url\":\"https:\/\/dermatologolaser.com\/\",\"name\":\"Dr. Albert Brugu\u00e9s\",\"description\":\"Dermatologo en Barcelona y Andorra\",\"publisher\":{\"@id\":\"https:\/\/dermatologolaser.com\/#organization\"},\"potentialAction\":[{\"@type\":\"SearchAction\",\"target\":{\"@type\":\"EntryPoint\",\"urlTemplate\":\"https:\/\/dermatologolaser.com\/?s={search_term_string}\"},\"query-input\":{\"@type\":\"PropertyValueSpecification\",\"valueRequired\":true,\"valueName\":\"search_term_string\"}}],\"inLanguage\":\"es\"},{\"@type\":\"Organization\",\"@id\":\"https:\/\/dermatologolaser.com\/#organization\",\"name\":\"Dr. Albert Brugu\u00e9s\",\"url\":\"https:\/\/dermatologolaser.com\/\",\"logo\":{\"@type\":\"ImageObject\",\"inLanguage\":\"es\",\"@id\":\"https:\/\/dermatologolaser.com\/#\/schema\/logo\/image\/\",\"url\":\"https:\/\/dermatologolaser.com\/wp-content\/uploads\/2020\/01\/cropped-logo_blau-1.png\",\"contentUrl\":\"https:\/\/dermatologolaser.com\/wp-content\/uploads\/2020\/01\/cropped-logo_blau-1.png\",\"width\":1000,\"height\":250,\"caption\":\"Dr. Albert Brugu\u00e9s\"},\"image\":{\"@id\":\"https:\/\/dermatologolaser.com\/#\/schema\/logo\/image\/\"}}]}<\/script>\n<!-- \/ Yoast SEO plugin. -->","yoast_head_json":{"title":"NEVUS, VERRUGAS Y QUISTES - Dr. Albert Brugu\u00e9s","description":"La eliminaci\u00f3n de pecas, verrugas y quistes con el l\u00e1ser de CO2 en el centro Teknon de Barcelona o en Dermandtek en Andorra con el Dr. Brugu\u00e9s","robots":{"index":"index","follow":"follow","max-snippet":"max-snippet:-1","max-image-preview":"max-image-preview:large","max-video-preview":"max-video-preview:-1"},"canonical":"https:\/\/dermatologolaser.com\/tractaments\/berrugues-quistes\/","og_locale":"es_ES","og_type":"article","og_title":"NEVUS, VERRUGAS Y QUISTES - Dr. Albert Brugu\u00e9s","og_description":"La eliminaci\u00f3n de pecas, verrugas y quistes con el l\u00e1ser de CO2 en el centro Teknon de Barcelona o en Dermandtek en Andorra con el Dr. Brugu\u00e9s","og_url":"https:\/\/dermatologolaser.com\/tractaments\/berrugues-quistes\/","og_site_name":"Dr. Albert Brugu\u00e9s","article_modified_time":"2020-03-30T10:50:49+00:00","og_image":[{"width":1250,"height":480,"url":"https:\/\/dermatologolaser.com\/wp-content\/uploads\/2020\/01\/berrugas-quistes-pecas.jpg","type":"image\/jpeg"}],"twitter_card":"summary_large_image","twitter_misc":{"Tiempo de lectura":"3 minutos"},"schema":{"@context":"https:\/\/schema.org","@graph":[{"@type":"WebPage","@id":"https:\/\/dermatologolaser.com\/tractaments\/berrugues-quistes\/","url":"https:\/\/dermatologolaser.com\/tractaments\/berrugues-quistes\/","name":"NEVUS, VERRUGAS Y QUISTES - Dr. Albert Brugu\u00e9s","isPartOf":{"@id":"https:\/\/dermatologolaser.com\/#website"},"primaryImageOfPage":{"@id":"https:\/\/dermatologolaser.com\/tractaments\/berrugues-quistes\/#primaryimage"},"image":{"@id":"https:\/\/dermatologolaser.com\/tractaments\/berrugues-quistes\/#primaryimage"},"thumbnailUrl":"https:\/\/dermatologolaser.com\/wp-content\/uploads\/2020\/01\/berrugas-quistes-pecas.jpg","datePublished":"2020-01-13T19:22:00+00:00","dateModified":"2020-03-30T10:50:49+00:00","description":"La eliminaci\u00f3n de pecas, verrugas y quistes con el l\u00e1ser de CO2 en el centro Teknon de Barcelona o en Dermandtek en Andorra con el Dr. Brugu\u00e9s","breadcrumb":{"@id":"https:\/\/dermatologolaser.com\/tractaments\/berrugues-quistes\/#breadcrumb"},"inLanguage":"es","potentialAction":[{"@type":"ReadAction","target":["https:\/\/dermatologolaser.com\/tractaments\/berrugues-quistes\/"]}]},{"@type":"ImageObject","inLanguage":"es","@id":"https:\/\/dermatologolaser.com\/tractaments\/berrugues-quistes\/#primaryimage","url":"https:\/\/dermatologolaser.com\/wp-content\/uploads\/2020\/01\/berrugas-quistes-pecas.jpg","contentUrl":"https:\/\/dermatologolaser.com\/wp-content\/uploads\/2020\/01\/berrugas-quistes-pecas.jpg","width":1250,"height":480,"caption":"eliminaci\u00f3n verrugas quistes, pecas, verrugas, quistes"},{"@type":"BreadcrumbList","@id":"https:\/\/dermatologolaser.com\/tractaments\/berrugues-quistes\/#breadcrumb","itemListElement":[{"@type":"ListItem","position":1,"name":"Inici","item":"https:\/\/dermatologolaser.com\/"},{"@type":"ListItem","position":2,"name":"TRATAMIENTOS","item":"https:\/\/dermatologolaser.com\/tractaments\/"},{"@type":"ListItem","position":3,"name":"NEVUS, VERRUGAS Y QUISTES"}]},{"@type":"WebSite","@id":"https:\/\/dermatologolaser.com\/#website","url":"https:\/\/dermatologolaser.com\/","name":"Dr. Albert Brugu\u00e9s","description":"Dermatologo en Barcelona y Andorra","publisher":{"@id":"https:\/\/dermatologolaser.com\/#organization"},"potentialAction":[{"@type":"SearchAction","target":{"@type":"EntryPoint","urlTemplate":"https:\/\/dermatologolaser.com\/?s={search_term_string}"},"query-input":{"@type":"PropertyValueSpecification","valueRequired":true,"valueName":"search_term_string"}}],"inLanguage":"es"},{"@type":"Organization","@id":"https:\/\/dermatologolaser.com\/#organization","name":"Dr. Albert Brugu\u00e9s","url":"https:\/\/dermatologolaser.com\/","logo":{"@type":"ImageObject","inLanguage":"es","@id":"https:\/\/dermatologolaser.com\/#\/schema\/logo\/image\/","url":"https:\/\/dermatologolaser.com\/wp-content\/uploads\/2020\/01\/cropped-logo_blau-1.png","contentUrl":"https:\/\/dermatologolaser.com\/wp-content\/uploads\/2020\/01\/cropped-logo_blau-1.png","width":1000,"height":250,"caption":"Dr. Albert Brugu\u00e9s"},"image":{"@id":"https:\/\/dermatologolaser.com\/#\/schema\/logo\/image\/"}}]}},"_links":{"self":[{"href":"https:\/\/dermatologolaser.com\/es\/wp-json\/wp\/v2\/pages\/716","targetHints":{"allow":["GET"]}}],"collection":[{"href":"https:\/\/dermatologolaser.com\/es\/wp-json\/wp\/v2\/pages"}],"about":[{"href":"https:\/\/dermatologolaser.com\/es\/wp-json\/wp\/v2\/types\/page"}],"author":[{"embeddable":true,"href":"https:\/\/dermatologolaser.com\/es\/wp-json\/wp\/v2\/users\/1"}],"replies":[{"embeddable":true,"href":"https:\/\/dermatologolaser.com\/es\/wp-json\/wp\/v2\/comments?post=716"}],"version-history":[{"count":8,"href":"https:\/\/dermatologolaser.com\/es\/wp-json\/wp\/v2\/pages\/716\/revisions"}],"predecessor-version":[{"id":903,"href":"https:\/\/dermatologolaser.com\/es\/wp-json\/wp\/v2\/pages\/716\/revisions\/903"}],"up":[{"embeddable":true,"href":"https:\/\/dermatologolaser.com\/es\/wp-json\/wp\/v2\/pages\/722"}],"wp:featuredmedia":[{"embeddable":true,"href":"https:\/\/dermatologolaser.com\/es\/wp-json\/wp\/v2\/media\/667"}],"wp:attachment":[{"href":"https:\/\/dermatologolaser.com\/es\/wp-json\/wp\/v2\/media?parent=716"}],"curies":[{"name":"wp","href":"https:\/\/api.w.org\/{rel}","templated":true}]}}