{"id":721,"date":"2020-01-11T21:38:15","date_gmt":"2020-01-11T21:38:15","guid":{"rendered":"https:\/\/dermatologolaser.com\/resurfacing\/"},"modified":"2020-03-20T16:06:09","modified_gmt":"2020-03-20T16:06:09","slug":"resurfacing","status":"publish","type":"page","link":"https:\/\/dermatologolaser.com\/es\/tratamientos\/resurfacing\/","title":{"rendered":"<i>RESURFACING<\/i>"},"content":{"rendered":"<div class=\"wpb-content-wrapper\"><p>[vc_row rsclass=\u00bbclean\u00bb][vc_column rsclass=\u00bbclean\u00bb el_class=\u00bbcontainer\u00bb][vc_custom_heading text=\u00bb\u00bb font_container=\u00bbtag:p|text_align:left\u00bb use_theme_fonts=\u00bbyes\u00bb rs_decor_place=\u00bb1&#8243; rsouter=\u00bbtext-center mb-4 tt_pt_34&#8243;][\/vc_custom_heading][\/vc_column][\/vc_row][vc_row][vc_column width=\u00bb1\/6&#8243;][\/vc_column][vc_column width=\u00bb2\/3&#8243;][vc_column_text]<\/p>\n<h4>Los sistemas l\u00e1ser de <em>resurfacing<\/em> regeneran la superficie cut\u00e1nea y aumentan la producci\u00f3n propia de <strong>col\u00e1geno<\/strong>.<\/h4>\n<p>Es un tratamiento id\u00f3neo como mantenimiento en aquellas personas que han conseguido mejorar la calidad de la piel con tratamientos previos de fotorrejuvenecimiento y buscan continuar cuidando su rostro.<\/p>\n<p>El objetivo es atenuar las l\u00edneas de expresi\u00f3n y las arrugas finas a causa del envejecimiento cronol\u00f3gico natural del ser humano. Tambi\u00e9n conseguiremos reducir el tama\u00f1o de los poros cut\u00e1neos y unificar el rostro.[\/vc_column_text][vc_empty_space][\/vc_column][vc_column width=\u00bb1\/6&#8243;][\/vc_column][\/vc_row][vc_row][vc_column width=\u00bb1\/6&#8243;][\/vc_column][vc_column width=\u00bb2\/3&#8243;][vc_empty_space][vc_single_image image=\u00bb439&#8243; img_size=\u00bbfull\u00bb alignment=\u00bbcenter\u00bb][\/vc_single_image][vc_empty_space][\/vc_column][vc_column width=\u00bb1\/6&#8243;][\/vc_column][\/vc_row][vc_row content_placement=\u00bbmiddle\u00bb][vc_column width=\u00bb1\/6&#8243;][\/vc_column][vc_column width=\u00bb2\/3&#8243;][vc_empty_space][vc_column_text]<\/p>\n<h4><span lang=\"CA\">\u00bfEn qu\u00e9 consiste el tratamiento?<\/span><\/h4>\n<p><span lang=\"CA\">Nos centraremos en trabajar las imperfecciones descritas con el uso del <a href=\"https:\/\/dermatologolaser.com\/es\/laser-nordlys\/\"><strong><u>l\u00e1ser Frax1550<\/u><\/strong><\/a> de la plataforma Nordlys o el <a href=\"https:\/\/dermatologolaser.com\/es\/laser-nordlys\/\"><strong><u>l\u00e1ser de CO<sub>2<\/sub> fraccionado<\/u><\/strong><\/a> con el objetivo de <\/span><span lang=\"CA\">conseguir un calentamiento de las capas profundas de la piel y potenciar la creaci\u00f3n de nuevo tejido col\u00e1geno.<\/span><\/p>\n<p><span lang=\"CA\">Para reducir la incomodidad que provoca el calentamiento producido por el l\u00e1ser sobre la piel, se suele aplicar una crema anest\u00e9sica en la zona que vamos a tratar 30 minutos antes del inicio de la sesi\u00f3n. Se recomiendan de 1 a 2 sesiones anuales.<\/span>[\/vc_column_text][vc_empty_space][\/vc_column][vc_column width=\u00bb1\/6&#8243;][\/vc_column][\/vc_row][vc_row content_placement=\u00bbmiddle\u00bb rsclass=\u00bbclean\u00bb][vc_column rsclass=\u00bbclean\u00bb el_class=\u00bbcontainer\u00bb][theme_gallery_popover_element gal_type=\u00bbtab_creative\u00bb gal_gutter=\u00bb20&#8243; gal_images=\u00bb327&#8243; gal_images_popover=\u00bb328&#8243;][\/theme_gallery_popover_element][\/vc_column][\/vc_row][vc_row content_placement=\u00bbmiddle\u00bb rsclass=\u00bbclean\u00bb][vc_column rsclass=\u00bbclean\u00bb el_class=\u00bbcontainer\u00bb][vc_empty_space][\/vc_column][\/vc_row][vc_section css=\u00bb.vc_custom_1577984689605{background-color: #49b0c1 !important;}\u00bb][vc_row][vc_column css=\u00bb.vc_custom_1577984724005{background-color: #49b0c1 !important;}\u00bb][vc_row_inner][vc_column_inner width=\u00bb1\/6&#8243;][\/vc_column_inner][vc_column_inner width=\u00bb2\/3&#8243;][vc_column_text rsclass=\u00bbclean\u00bb]<\/p>\n<h2 class=\"tt\"><span style=\"color: #ffffff;\">Quiero saber qu\u00e9 tratamiento es id\u00f3neo para m\u00ed.<\/span><\/h2>\n<div class=\"h-decor\"><\/div>\n<p>[\/vc_column_text][vc_column_text]<span style=\"color: #ffffff;\">Contacta hoy mismo y pide una cita.<\/span>[\/vc_column_text][vc_empty_space][vc_btn title=\u00bbCONTACTA\u00bb style=\u00bboutline\u00bb shape=\u00bbsquare\u00bb color=\u00bbwhite\u00bb link=\u00bburl:https%3A%2F%2Fdermatologolaser.com%2Fes%2Fcontacto-dermatologo-laser%2F|title:Contacta||\u00bb][vc_empty_space][\/vc_column_inner][vc_column_inner width=\u00bb1\/6&#8243;][\/vc_column_inner][\/vc_row_inner][\/vc_column][\/vc_row][\/vc_section]<\/p>\n<\/div>","protected":false},"excerpt":{"rendered":"<p>[vc_row rsclass=\u00bbclean\u00bb][vc_column rsclass=\u00bbclean\u00bb el_class=\u00bbcontainer\u00bb][vc_custom_heading text=\u00bb\u00bb font_container=\u00bbtag:p|text_align:left\u00bb use_theme_fonts=\u00bbyes\u00bb rs_decor_place=\u00bb1&#8243; rsouter=\u00bbtext-center mb-4 tt_pt_34&#8243;][\/vc_custom_heading][\/vc_column][\/vc_row][vc_row][vc_column width=\u00bb1\/6&#8243;][\/vc_column][vc_column width=\u00bb2\/3&#8243;][vc_column_text] Los sistemas l\u00e1ser de resurfacing regeneran la superficie cut\u00e1nea y aumentan la producci\u00f3n propia de col\u00e1geno. Es un tratamiento id\u00f3neo como mantenimiento en aquellas personas que han conseguido mejorar la calidad de la piel con tratamientos previos de fotorrejuvenecimiento y buscan continuar <\/p>\n<div class=\"btn-more-wrapper\"><a href=\"https:\/\/dermatologolaser.com\/es\/tratamientos\/resurfacing\/\" class=\"btn btn-sm btn-hover-fill\"><svg class=\"icon icon-right-arrow\" version=\"1.1\" xmlns=\"http:\/\/www.w3.org\/2000\/svg\" width=\"32\" height=\"32\" viewBox=\"0 0 32 32\"><path d=\"M21.548 5.088c-0.436-0.451-1.162-0.451-1.613 0-0.436 0.436-0.436 1.162 0 1.596l8.177 8.177h-26.984c-0.629 0.001-1.129 0.501-1.129 1.13s0.5 1.145 1.129 1.145h26.984l-8.177 8.162c-0.436 0.451-0.436 1.178 0 1.613 0.451 0.451 1.178 0.451 1.613 0l10.113-10.113c0.451-0.436 0.451-1.162 0-1.596l-10.113-10.114z\"><\/path><\/svg>Read More<span class=\"screen-reader-text\"> \u00ab&lt;i&gt;RESURFACING&lt;\/i&gt;\u00bb<\/span><svg class=\"icon icon-right-arrow\" version=\"1.1\" xmlns=\"http:\/\/www.w3.org\/2000\/svg\" width=\"32\" height=\"32\" viewBox=\"0 0 32 32\"><path d=\"M21.548 5.088c-0.436-0.451-1.162-0.451-1.613 0-0.436 0.436-0.436 1.162 0 1.596l8.177 8.177h-26.984c-0.629 0.001-1.129 0.501-1.129 1.13s0.5 1.145 1.129 1.145h26.984l-8.177 8.162c-0.436 0.451-0.436 1.178 0 1.613 0.451 0.451 1.178 0.451 1.613 0l10.113-10.113c0.451-0.436 0.451-1.162 0-1.596l-10.113-10.114z\"><\/path><\/svg><\/a><\/div>\n","protected":false},"author":1,"featured_media":0,"parent":722,"menu_order":4,"comment_status":"closed","ping_status":"closed","template":"custompagett.php","meta":{"footnotes":""},"class_list":["post-721","page","type-page","status-publish","hentry"],"yoast_head":"<!-- This site is optimized with the Yoast SEO plugin v26.9 - https:\/\/yoast.com\/product\/yoast-seo-wordpress\/ -->\n<title>RESURFACING Barcelona y Andorra - Col\u00e1geno cara<\/title>\n<meta name=\"description\" content=\"Resurfacing - l\u00e1ser de resurfacing regeneran la superficie cut\u00e1nea y aumentan la producci\u00f3n propia de col\u00e1geno. Dermatologo en Barcelona y Andorra\" \/>\n<meta name=\"robots\" content=\"index, follow, max-snippet:-1, max-image-preview:large, max-video-preview:-1\" \/>\n<link rel=\"canonical\" href=\"https:\/\/dermatologolaser.com\/tractaments\/resurfacing\/\" \/>\n<meta property=\"og:locale\" content=\"es_ES\" \/>\n<meta property=\"og:type\" content=\"article\" \/>\n<meta property=\"og:title\" content=\"RESURFACING Barcelona y Andorra - Col\u00e1geno cara\" \/>\n<meta property=\"og:description\" content=\"Resurfacing - l\u00e1ser de resurfacing regeneran la superficie cut\u00e1nea y aumentan la producci\u00f3n propia de col\u00e1geno. Dermatologo en Barcelona y Andorra\" \/>\n<meta property=\"og:url\" content=\"https:\/\/dermatologolaser.com\/tractaments\/resurfacing\/\" \/>\n<meta property=\"og:site_name\" content=\"Dr. Albert Brugu\u00e9s\" \/>\n<meta property=\"article:modified_time\" content=\"2020-03-20T16:06:09+00:00\" \/>\n<meta name=\"twitter:card\" content=\"summary_large_image\" \/>\n<meta name=\"twitter:label1\" content=\"Tiempo de lectura\" \/>\n\t<meta name=\"twitter:data1\" content=\"2 minutos\" \/>\n<script type=\"application\/ld+json\" class=\"yoast-schema-graph\">{\"@context\":\"https:\/\/schema.org\",\"@graph\":[{\"@type\":\"WebPage\",\"@id\":\"https:\/\/dermatologolaser.com\/tractaments\/resurfacing\/\",\"url\":\"https:\/\/dermatologolaser.com\/tractaments\/resurfacing\/\",\"name\":\"RESURFACING Barcelona y Andorra - Col\u00e1geno cara\",\"isPartOf\":{\"@id\":\"https:\/\/dermatologolaser.com\/#website\"},\"datePublished\":\"2020-01-11T21:38:15+00:00\",\"dateModified\":\"2020-03-20T16:06:09+00:00\",\"description\":\"Resurfacing - l\u00e1ser de resurfacing regeneran la superficie cut\u00e1nea y aumentan la producci\u00f3n propia de col\u00e1geno. Dermatologo en Barcelona y Andorra\",\"breadcrumb\":{\"@id\":\"https:\/\/dermatologolaser.com\/tractaments\/resurfacing\/#breadcrumb\"},\"inLanguage\":\"es\",\"potentialAction\":[{\"@type\":\"ReadAction\",\"target\":[\"https:\/\/dermatologolaser.com\/tractaments\/resurfacing\/\"]}]},{\"@type\":\"BreadcrumbList\",\"@id\":\"https:\/\/dermatologolaser.com\/tractaments\/resurfacing\/#breadcrumb\",\"itemListElement\":[{\"@type\":\"ListItem\",\"position\":1,\"name\":\"Inici\",\"item\":\"https:\/\/dermatologolaser.com\/\"},{\"@type\":\"ListItem\",\"position\":2,\"name\":\"TRATAMIENTOS\",\"item\":\"https:\/\/dermatologolaser.com\/tractaments\/\"},{\"@type\":\"ListItem\",\"position\":3,\"name\":\"RESURFACING\"}]},{\"@type\":\"WebSite\",\"@id\":\"https:\/\/dermatologolaser.com\/#website\",\"url\":\"https:\/\/dermatologolaser.com\/\",\"name\":\"Dr. Albert Brugu\u00e9s\",\"description\":\"Dermatologo en Barcelona y Andorra\",\"publisher\":{\"@id\":\"https:\/\/dermatologolaser.com\/#organization\"},\"potentialAction\":[{\"@type\":\"SearchAction\",\"target\":{\"@type\":\"EntryPoint\",\"urlTemplate\":\"https:\/\/dermatologolaser.com\/?s={search_term_string}\"},\"query-input\":{\"@type\":\"PropertyValueSpecification\",\"valueRequired\":true,\"valueName\":\"search_term_string\"}}],\"inLanguage\":\"es\"},{\"@type\":\"Organization\",\"@id\":\"https:\/\/dermatologolaser.com\/#organization\",\"name\":\"Dr. Albert Brugu\u00e9s\",\"url\":\"https:\/\/dermatologolaser.com\/\",\"logo\":{\"@type\":\"ImageObject\",\"inLanguage\":\"es\",\"@id\":\"https:\/\/dermatologolaser.com\/#\/schema\/logo\/image\/\",\"url\":\"https:\/\/dermatologolaser.com\/wp-content\/uploads\/2020\/01\/cropped-logo_blau-1.png\",\"contentUrl\":\"https:\/\/dermatologolaser.com\/wp-content\/uploads\/2020\/01\/cropped-logo_blau-1.png\",\"width\":1000,\"height\":250,\"caption\":\"Dr. Albert Brugu\u00e9s\"},\"image\":{\"@id\":\"https:\/\/dermatologolaser.com\/#\/schema\/logo\/image\/\"}}]}<\/script>\n<!-- \/ Yoast SEO plugin. -->","yoast_head_json":{"title":"RESURFACING Barcelona y Andorra - Col\u00e1geno cara","description":"Resurfacing - l\u00e1ser de resurfacing regeneran la superficie cut\u00e1nea y aumentan la producci\u00f3n propia de col\u00e1geno. Dermatologo en Barcelona y Andorra","robots":{"index":"index","follow":"follow","max-snippet":"max-snippet:-1","max-image-preview":"max-image-preview:large","max-video-preview":"max-video-preview:-1"},"canonical":"https:\/\/dermatologolaser.com\/tractaments\/resurfacing\/","og_locale":"es_ES","og_type":"article","og_title":"RESURFACING Barcelona y Andorra - Col\u00e1geno cara","og_description":"Resurfacing - l\u00e1ser de resurfacing regeneran la superficie cut\u00e1nea y aumentan la producci\u00f3n propia de col\u00e1geno. Dermatologo en Barcelona y Andorra","og_url":"https:\/\/dermatologolaser.com\/tractaments\/resurfacing\/","og_site_name":"Dr. Albert Brugu\u00e9s","article_modified_time":"2020-03-20T16:06:09+00:00","twitter_card":"summary_large_image","twitter_misc":{"Tiempo de lectura":"2 minutos"},"schema":{"@context":"https:\/\/schema.org","@graph":[{"@type":"WebPage","@id":"https:\/\/dermatologolaser.com\/tractaments\/resurfacing\/","url":"https:\/\/dermatologolaser.com\/tractaments\/resurfacing\/","name":"RESURFACING Barcelona y Andorra - Col\u00e1geno cara","isPartOf":{"@id":"https:\/\/dermatologolaser.com\/#website"},"datePublished":"2020-01-11T21:38:15+00:00","dateModified":"2020-03-20T16:06:09+00:00","description":"Resurfacing - l\u00e1ser de resurfacing regeneran la superficie cut\u00e1nea y aumentan la producci\u00f3n propia de col\u00e1geno. Dermatologo en Barcelona y Andorra","breadcrumb":{"@id":"https:\/\/dermatologolaser.com\/tractaments\/resurfacing\/#breadcrumb"},"inLanguage":"es","potentialAction":[{"@type":"ReadAction","target":["https:\/\/dermatologolaser.com\/tractaments\/resurfacing\/"]}]},{"@type":"BreadcrumbList","@id":"https:\/\/dermatologolaser.com\/tractaments\/resurfacing\/#breadcrumb","itemListElement":[{"@type":"ListItem","position":1,"name":"Inici","item":"https:\/\/dermatologolaser.com\/"},{"@type":"ListItem","position":2,"name":"TRATAMIENTOS","item":"https:\/\/dermatologolaser.com\/tractaments\/"},{"@type":"ListItem","position":3,"name":"RESURFACING"}]},{"@type":"WebSite","@id":"https:\/\/dermatologolaser.com\/#website","url":"https:\/\/dermatologolaser.com\/","name":"Dr. Albert Brugu\u00e9s","description":"Dermatologo en Barcelona y Andorra","publisher":{"@id":"https:\/\/dermatologolaser.com\/#organization"},"potentialAction":[{"@type":"SearchAction","target":{"@type":"EntryPoint","urlTemplate":"https:\/\/dermatologolaser.com\/?s={search_term_string}"},"query-input":{"@type":"PropertyValueSpecification","valueRequired":true,"valueName":"search_term_string"}}],"inLanguage":"es"},{"@type":"Organization","@id":"https:\/\/dermatologolaser.com\/#organization","name":"Dr. Albert Brugu\u00e9s","url":"https:\/\/dermatologolaser.com\/","logo":{"@type":"ImageObject","inLanguage":"es","@id":"https:\/\/dermatologolaser.com\/#\/schema\/logo\/image\/","url":"https:\/\/dermatologolaser.com\/wp-content\/uploads\/2020\/01\/cropped-logo_blau-1.png","contentUrl":"https:\/\/dermatologolaser.com\/wp-content\/uploads\/2020\/01\/cropped-logo_blau-1.png","width":1000,"height":250,"caption":"Dr. Albert Brugu\u00e9s"},"image":{"@id":"https:\/\/dermatologolaser.com\/#\/schema\/logo\/image\/"}}]}},"_links":{"self":[{"href":"https:\/\/dermatologolaser.com\/es\/wp-json\/wp\/v2\/pages\/721","targetHints":{"allow":["GET"]}}],"collection":[{"href":"https:\/\/dermatologolaser.com\/es\/wp-json\/wp\/v2\/pages"}],"about":[{"href":"https:\/\/dermatologolaser.com\/es\/wp-json\/wp\/v2\/types\/page"}],"author":[{"embeddable":true,"href":"https:\/\/dermatologolaser.com\/es\/wp-json\/wp\/v2\/users\/1"}],"replies":[{"embeddable":true,"href":"https:\/\/dermatologolaser.com\/es\/wp-json\/wp\/v2\/comments?post=721"}],"version-history":[{"count":5,"href":"https:\/\/dermatologolaser.com\/es\/wp-json\/wp\/v2\/pages\/721\/revisions"}],"predecessor-version":[{"id":861,"href":"https:\/\/dermatologolaser.com\/es\/wp-json\/wp\/v2\/pages\/721\/revisions\/861"}],"up":[{"embeddable":true,"href":"https:\/\/dermatologolaser.com\/es\/wp-json\/wp\/v2\/pages\/722"}],"wp:attachment":[{"href":"https:\/\/dermatologolaser.com\/es\/wp-json\/wp\/v2\/media?parent=721"}],"curies":[{"name":"wp","href":"https:\/\/api.w.org\/{rel}","templated":true}]}}