{"id":741,"date":"2020-01-28T09:51:20","date_gmt":"2020-01-28T09:51:20","guid":{"rendered":"https:\/\/dermatologolaser.com\/avis-legal\/"},"modified":"2020-03-06T06:49:19","modified_gmt":"2020-03-06T06:49:19","slug":"aviso-legal","status":"publish","type":"page","link":"https:\/\/dermatologolaser.com\/es\/aviso-legal\/","title":{"rendered":"Aviso legal"},"content":{"rendered":"<div class=\"wpb-content-wrapper\"><p>[vc_row][vc_column width=\u00bb1\/6&#8243;][\/vc_column][vc_column width=\u00bb2\/3&#8243;][vc_empty_space][vc_column_text]<strong>Albert Brugu\u00e9s Dav\u00ed<\/strong>, con NIF espa\u00f1ol 47794519J y NRT andorrano 351537J, no se hace responsable del uso incorrecto, inapropiado o il\u00edcito de la informaci\u00f3n que aparece en el sitio web www.dermatologolaser.com y www.albertbrugues.com.<\/p>\n<p>Con los l\u00edmites establecidos por la ley, <strong>Albert Brugu\u00e9s Dav\u00ed<\/strong> no asume ninguna responsabilidad derivada de la falta de veracidad, integridad, actualizaci\u00f3n y precisi\u00f3n de los datos o informaci\u00f3n que aparecen en sus p\u00e1ginas web. Los contenidos y la informaci\u00f3n no son vinculantes para que <strong>Albert Brugu\u00e9s Dav\u00ed<\/strong> constituya opiniones, asesoramiento o asesoramiento jur\u00eddico de ning\u00fan tipo; se trata simplemente de un servicio ofrecido con fines informativos y comunicativos. Las URL www.dermatologolaser.com y www.albertbrugues.com pueden contener enlaces a p\u00e1ginas de terceros que <strong>Albert Brugu\u00e9s Dav\u00ed<\/strong> no puede controlar. Por lo tanto, <strong>Albert Brugu\u00e9s Dav\u00ed<\/strong> no asumir\u00e1 ninguna responsabilidad por el contenido de estos enlaces.<\/p>\n<p>Los textos, im\u00e1genes, software y otros contenidos incluidos en este sitio web son propiedad exclusiva de <strong>Albert Brugu\u00e9s Dav\u00ed<\/strong>. Cualquier acto de distribuci\u00f3n, cesi\u00f3n, reproducci\u00f3n, almacenamiento o comunicaci\u00f3n p\u00fablica total o parcial deber\u00e1 contar con el consentimiento expreso de <strong>Albert Brugu\u00e9s Dav\u00ed<\/strong>.<\/p>\n<p>Sin embargo, le informamos de que los datos de car\u00e1cter personal facilitados a trav\u00e9s de los servicios ofrecidos por <strong>Albert Brugu\u00e9s Dav\u00ed<\/strong>, los cuales se establecen en el Reglamento (UE) 2016\/679 del Parlamento Europeo y de 27 de abril de 2016, sobre la protecci\u00f3n de las personas f\u00edsicas en lo que respecta al tratamiento de datos personales y la libre circulaci\u00f3n de dichos datos, no se utilizar\u00e1n para ninguna publicidad o informaci\u00f3n, ni se incorporar\u00e1n a ninguna lista de contacto. Las consultas relevantes solicitadas se resolver\u00e1n en su comunicaci\u00f3n.<\/p>\n<p>Cualquier pregunta o inquietud sobre este sitio puede ser comunicada al correo electr\u00f3nico <a href=\"mailto:dermatologia@albertbrugues.com\">dermatologia@albertbrugues.com<\/a>[\/vc_column_text][\/vc_column][vc_column width=\u00bb1\/6&#8243;][\/vc_column][\/vc_row]<\/p>\n<\/div>","protected":false},"excerpt":{"rendered":"<p>[vc_row][vc_column width=\u00bb1\/6&#8243;][\/vc_column][vc_column width=\u00bb2\/3&#8243;][vc_empty_space][vc_column_text]Albert Brugu\u00e9s Dav\u00ed, con NIF espa\u00f1ol 47794519J y NRT andorrano 351537J, no se hace responsable del uso incorrecto, inapropiado o il\u00edcito de la informaci\u00f3n que aparece en el sitio web www.dermatologolaser.com y www.albertbrugues.com. Con los l\u00edmites establecidos por la ley, Albert Brugu\u00e9s Dav\u00ed no asume ninguna responsabilidad derivada de la falta de veracidad, <\/p>\n<div class=\"btn-more-wrapper\"><a href=\"https:\/\/dermatologolaser.com\/es\/aviso-legal\/\" class=\"btn btn-sm btn-hover-fill\"><svg class=\"icon icon-right-arrow\" version=\"1.1\" xmlns=\"http:\/\/www.w3.org\/2000\/svg\" width=\"32\" height=\"32\" viewBox=\"0 0 32 32\"><path d=\"M21.548 5.088c-0.436-0.451-1.162-0.451-1.613 0-0.436 0.436-0.436 1.162 0 1.596l8.177 8.177h-26.984c-0.629 0.001-1.129 0.501-1.129 1.13s0.5 1.145 1.129 1.145h26.984l-8.177 8.162c-0.436 0.451-0.436 1.178 0 1.613 0.451 0.451 1.178 0.451 1.613 0l10.113-10.113c0.451-0.436 0.451-1.162 0-1.596l-10.113-10.114z\"><\/path><\/svg>Read More<span class=\"screen-reader-text\"> \u00abAviso legal\u00bb<\/span><svg class=\"icon icon-right-arrow\" version=\"1.1\" xmlns=\"http:\/\/www.w3.org\/2000\/svg\" width=\"32\" height=\"32\" viewBox=\"0 0 32 32\"><path d=\"M21.548 5.088c-0.436-0.451-1.162-0.451-1.613 0-0.436 0.436-0.436 1.162 0 1.596l8.177 8.177h-26.984c-0.629 0.001-1.129 0.501-1.129 1.13s0.5 1.145 1.129 1.145h26.984l-8.177 8.162c-0.436 0.451-0.436 1.178 0 1.613 0.451 0.451 1.178 0.451 1.613 0l10.113-10.113c0.451-0.436 0.451-1.162 0-1.596l-10.113-10.114z\"><\/path><\/svg><\/a><\/div>\n","protected":false},"author":1,"featured_media":0,"parent":0,"menu_order":0,"comment_status":"closed","ping_status":"closed","template":"","meta":{"footnotes":""},"class_list":["post-741","page","type-page","status-publish","hentry"],"yoast_head":"<!-- This site is optimized with the Yoast SEO plugin v26.9 - https:\/\/yoast.com\/product\/yoast-seo-wordpress\/ -->\n<title>Aviso legal - Dr. Albert Brugu\u00e9s<\/title>\n<meta name=\"robots\" content=\"index, follow, max-snippet:-1, max-image-preview:large, max-video-preview:-1\" \/>\n<link rel=\"canonical\" href=\"https:\/\/dermatologolaser.com\/avis-legal\/\" \/>\n<meta property=\"og:locale\" content=\"es_ES\" \/>\n<meta property=\"og:type\" content=\"article\" \/>\n<meta property=\"og:title\" content=\"Aviso legal - Dr. Albert Brugu\u00e9s\" \/>\n<meta property=\"og:description\" content=\"[vc_row][vc_column width=\u00bb1\/6&#8243;][\/vc_column][vc_column width=\u00bb2\/3&#8243;][vc_empty_space][vc_column_text]Albert Brugu\u00e9s Dav\u00ed, con NIF espa\u00f1ol 47794519J y NRT andorrano 351537J, no se hace responsable del uso incorrecto, inapropiado o il\u00edcito de la informaci\u00f3n que aparece en el sitio web www.dermatologolaser.com y www.albertbrugues.com. Con los l\u00edmites establecidos por la ley, Albert Brugu\u00e9s Dav\u00ed no asume ninguna responsabilidad derivada de la falta de veracidad, Read More &quot;Aviso legal&quot;\" \/>\n<meta property=\"og:url\" content=\"https:\/\/dermatologolaser.com\/avis-legal\/\" \/>\n<meta property=\"og:site_name\" content=\"Dr. Albert Brugu\u00e9s\" \/>\n<meta property=\"article:modified_time\" content=\"2020-03-06T06:49:19+00:00\" \/>\n<meta name=\"twitter:card\" content=\"summary_large_image\" \/>\n<meta name=\"twitter:label1\" content=\"Tiempo de lectura\" \/>\n\t<meta name=\"twitter:data1\" content=\"2 minutos\" \/>\n<script type=\"application\/ld+json\" class=\"yoast-schema-graph\">{\"@context\":\"https:\/\/schema.org\",\"@graph\":[{\"@type\":\"WebPage\",\"@id\":\"https:\/\/dermatologolaser.com\/avis-legal\/\",\"url\":\"https:\/\/dermatologolaser.com\/avis-legal\/\",\"name\":\"Aviso legal - Dr. Albert Brugu\u00e9s\",\"isPartOf\":{\"@id\":\"https:\/\/dermatologolaser.com\/#website\"},\"datePublished\":\"2020-01-28T09:51:20+00:00\",\"dateModified\":\"2020-03-06T06:49:19+00:00\",\"breadcrumb\":{\"@id\":\"https:\/\/dermatologolaser.com\/avis-legal\/#breadcrumb\"},\"inLanguage\":\"es\",\"potentialAction\":[{\"@type\":\"ReadAction\",\"target\":[\"https:\/\/dermatologolaser.com\/avis-legal\/\"]}]},{\"@type\":\"BreadcrumbList\",\"@id\":\"https:\/\/dermatologolaser.com\/avis-legal\/#breadcrumb\",\"itemListElement\":[{\"@type\":\"ListItem\",\"position\":1,\"name\":\"Inici\",\"item\":\"https:\/\/dermatologolaser.com\/\"},{\"@type\":\"ListItem\",\"position\":2,\"name\":\"Aviso legal\"}]},{\"@type\":\"WebSite\",\"@id\":\"https:\/\/dermatologolaser.com\/#website\",\"url\":\"https:\/\/dermatologolaser.com\/\",\"name\":\"Dr. Albert Brugu\u00e9s\",\"description\":\"Dermatologo en Barcelona y Andorra\",\"publisher\":{\"@id\":\"https:\/\/dermatologolaser.com\/#organization\"},\"potentialAction\":[{\"@type\":\"SearchAction\",\"target\":{\"@type\":\"EntryPoint\",\"urlTemplate\":\"https:\/\/dermatologolaser.com\/?s={search_term_string}\"},\"query-input\":{\"@type\":\"PropertyValueSpecification\",\"valueRequired\":true,\"valueName\":\"search_term_string\"}}],\"inLanguage\":\"es\"},{\"@type\":\"Organization\",\"@id\":\"https:\/\/dermatologolaser.com\/#organization\",\"name\":\"Dr. Albert Brugu\u00e9s\",\"url\":\"https:\/\/dermatologolaser.com\/\",\"logo\":{\"@type\":\"ImageObject\",\"inLanguage\":\"es\",\"@id\":\"https:\/\/dermatologolaser.com\/#\/schema\/logo\/image\/\",\"url\":\"https:\/\/dermatologolaser.com\/wp-content\/uploads\/2020\/01\/cropped-logo_blau-1.png\",\"contentUrl\":\"https:\/\/dermatologolaser.com\/wp-content\/uploads\/2020\/01\/cropped-logo_blau-1.png\",\"width\":1000,\"height\":250,\"caption\":\"Dr. Albert Brugu\u00e9s\"},\"image\":{\"@id\":\"https:\/\/dermatologolaser.com\/#\/schema\/logo\/image\/\"}}]}<\/script>\n<!-- \/ Yoast SEO plugin. -->","yoast_head_json":{"title":"Aviso legal - Dr. Albert Brugu\u00e9s","robots":{"index":"index","follow":"follow","max-snippet":"max-snippet:-1","max-image-preview":"max-image-preview:large","max-video-preview":"max-video-preview:-1"},"canonical":"https:\/\/dermatologolaser.com\/avis-legal\/","og_locale":"es_ES","og_type":"article","og_title":"Aviso legal - Dr. Albert Brugu\u00e9s","og_description":"[vc_row][vc_column width=\u00bb1\/6&#8243;][\/vc_column][vc_column width=\u00bb2\/3&#8243;][vc_empty_space][vc_column_text]Albert Brugu\u00e9s Dav\u00ed, con NIF espa\u00f1ol 47794519J y NRT andorrano 351537J, no se hace responsable del uso incorrecto, inapropiado o il\u00edcito de la informaci\u00f3n que aparece en el sitio web www.dermatologolaser.com y www.albertbrugues.com. Con los l\u00edmites establecidos por la ley, Albert Brugu\u00e9s Dav\u00ed no asume ninguna responsabilidad derivada de la falta de veracidad, Read More \"Aviso legal\"","og_url":"https:\/\/dermatologolaser.com\/avis-legal\/","og_site_name":"Dr. Albert Brugu\u00e9s","article_modified_time":"2020-03-06T06:49:19+00:00","twitter_card":"summary_large_image","twitter_misc":{"Tiempo de lectura":"2 minutos"},"schema":{"@context":"https:\/\/schema.org","@graph":[{"@type":"WebPage","@id":"https:\/\/dermatologolaser.com\/avis-legal\/","url":"https:\/\/dermatologolaser.com\/avis-legal\/","name":"Aviso legal - Dr. Albert Brugu\u00e9s","isPartOf":{"@id":"https:\/\/dermatologolaser.com\/#website"},"datePublished":"2020-01-28T09:51:20+00:00","dateModified":"2020-03-06T06:49:19+00:00","breadcrumb":{"@id":"https:\/\/dermatologolaser.com\/avis-legal\/#breadcrumb"},"inLanguage":"es","potentialAction":[{"@type":"ReadAction","target":["https:\/\/dermatologolaser.com\/avis-legal\/"]}]},{"@type":"BreadcrumbList","@id":"https:\/\/dermatologolaser.com\/avis-legal\/#breadcrumb","itemListElement":[{"@type":"ListItem","position":1,"name":"Inici","item":"https:\/\/dermatologolaser.com\/"},{"@type":"ListItem","position":2,"name":"Aviso legal"}]},{"@type":"WebSite","@id":"https:\/\/dermatologolaser.com\/#website","url":"https:\/\/dermatologolaser.com\/","name":"Dr. Albert Brugu\u00e9s","description":"Dermatologo en Barcelona y Andorra","publisher":{"@id":"https:\/\/dermatologolaser.com\/#organization"},"potentialAction":[{"@type":"SearchAction","target":{"@type":"EntryPoint","urlTemplate":"https:\/\/dermatologolaser.com\/?s={search_term_string}"},"query-input":{"@type":"PropertyValueSpecification","valueRequired":true,"valueName":"search_term_string"}}],"inLanguage":"es"},{"@type":"Organization","@id":"https:\/\/dermatologolaser.com\/#organization","name":"Dr. Albert Brugu\u00e9s","url":"https:\/\/dermatologolaser.com\/","logo":{"@type":"ImageObject","inLanguage":"es","@id":"https:\/\/dermatologolaser.com\/#\/schema\/logo\/image\/","url":"https:\/\/dermatologolaser.com\/wp-content\/uploads\/2020\/01\/cropped-logo_blau-1.png","contentUrl":"https:\/\/dermatologolaser.com\/wp-content\/uploads\/2020\/01\/cropped-logo_blau-1.png","width":1000,"height":250,"caption":"Dr. Albert Brugu\u00e9s"},"image":{"@id":"https:\/\/dermatologolaser.com\/#\/schema\/logo\/image\/"}}]}},"_links":{"self":[{"href":"https:\/\/dermatologolaser.com\/es\/wp-json\/wp\/v2\/pages\/741","targetHints":{"allow":["GET"]}}],"collection":[{"href":"https:\/\/dermatologolaser.com\/es\/wp-json\/wp\/v2\/pages"}],"about":[{"href":"https:\/\/dermatologolaser.com\/es\/wp-json\/wp\/v2\/types\/page"}],"author":[{"embeddable":true,"href":"https:\/\/dermatologolaser.com\/es\/wp-json\/wp\/v2\/users\/1"}],"replies":[{"embeddable":true,"href":"https:\/\/dermatologolaser.com\/es\/wp-json\/wp\/v2\/comments?post=741"}],"version-history":[{"count":2,"href":"https:\/\/dermatologolaser.com\/es\/wp-json\/wp\/v2\/pages\/741\/revisions"}],"predecessor-version":[{"id":822,"href":"https:\/\/dermatologolaser.com\/es\/wp-json\/wp\/v2\/pages\/741\/revisions\/822"}],"wp:attachment":[{"href":"https:\/\/dermatologolaser.com\/es\/wp-json\/wp\/v2\/media?parent=741"}],"curies":[{"name":"wp","href":"https:\/\/api.w.org\/{rel}","templated":true}]}}