{"id":745,"date":"2020-01-28T09:58:38","date_gmt":"2020-01-28T09:58:38","guid":{"rendered":"https:\/\/dermatologolaser.com\/politica-cookies\/"},"modified":"2020-03-09T14:29:26","modified_gmt":"2020-03-09T14:29:26","slug":"politica-cookies","status":"publish","type":"page","link":"https:\/\/dermatologolaser.com\/es\/politica-cookies\/","title":{"rendered":"Pol\u00edtica de <i>cookies<\/i>"},"content":{"rendered":"<div class=\"wpb-content-wrapper\"><p>[vc_row][vc_column width=\u00bb1\/6&#8243;][\/vc_column][vc_column width=\u00bb2\/3&#8243;][vc_empty_space][vc_column_text]El sitio web utiliza <em>cookies<\/em> propias y de terceros con el fin de optimizar la navegaci\u00f3n adaptando la informaci\u00f3n y los servicios ofrecidos a los intereses del usuario.<\/p>\n<p>Al navegar o utilizar los servicios del sitio web, el usuario acepta la pol\u00edtica de <em>cookies<\/em> de <strong>Albert Brugu\u00e9s Dav\u00ed<\/strong>.<\/p>\n<h4><strong>\u00bfQu\u00e9 son las <em>cookies<\/em>?<\/strong><\/h4>\n<p>Las <em>cookies<\/em> son peque\u00f1os archivos de texto en los que los navegadores almacenan informaci\u00f3n durante las visitas a las p\u00e1ginas web. Las <em>cookies<\/em> pueden recopilar datos como la direcci\u00f3n IP, la direcci\u00f3n que est\u00e1 visitando, el sistema operativo, el idioma de navegaci\u00f3n y otra informaci\u00f3n. Esta informaci\u00f3n no est\u00e1 asociada a ninguna persona en particular, sino que es informaci\u00f3n estad\u00edstica para analizar la visibilidad de los diferentes contenidos del sitio web.<\/p>\n<h4><strong>Pol\u00edtica de <em>cookies<\/em><\/strong><\/h4>\n<p>Para utilizar el sitio web en su totalidad, en su ordenador, tableta o tel\u00e9fono celular cuando navega por Internet, le recomendamos que acepte <em>cookies<\/em>, ya que muchas funcionalidades en l\u00ednea han sido dise\u00f1adas espec\u00edficamente para operar a trav\u00e9s del uso de <em>cookies<\/em>.<\/p>\n<p>Las <em>cookies<\/em> de este sitio web no almacenan informaci\u00f3n personal sobre el usuario. Sin embargo, las <em>cookies<\/em> de terceros se activan al acceder a otros sitios web que podr\u00edan almacenar informaci\u00f3n de datos personales con fines publicitarios, por lo que la navegaci\u00f3n a trav\u00e9s de estos sitios web puede implicar la aceptaci\u00f3n de estas <em>cookies<\/em>. Es por ello que, cuando entras en un sitio web distinto del sitio web del usuario, debe leerse o aceptarse, o no, el uso de dichas <em>cookies<\/em>.<\/p>\n<h4><strong><em>Cookies<\/em> anal\u00edticas y de rendimiento<\/strong><\/h4>\n<p>Sirven para recopilar informaci\u00f3n estad\u00edstica sobre c\u00f3mo se utiliza el sitio web. La informaci\u00f3n solo se utilizar\u00e1 para mejorar el funcionamiento del sitio web.<\/p>\n<p>Las principales <em>cookies<\/em> de rendimiento utilizadas son:<\/p>\n<p>\u00b7 <em>Cookies<\/em> propias (sesi\u00f3n): son necesarias para la navegaci\u00f3n por el sitio web. No almacenan datos personales.<\/p>\n<p>\u00b7 <em>Cookies<\/em> de terceros: son accesibles \u00fanicamente en el caso de que el usuario haga clic en el enlace que conduce al sitio web de terceros, y cuando, adem\u00e1s de solicitar acceso a dicho sitio web, el usuario sea miembro de dicha p\u00e1gina web, habi\u00e9ndose registrado previamente, o en ese momento preciso, por lo que no es posible el acceso a los \u00abno miembros\u00bb. Le recomendamos que lea la pol\u00edtica de <em>cookies<\/em> relacionada con cada dominio, aplicaci\u00f3n o red social a la que se accede.<\/p>\n<h4><strong>Gesti\u00f3n de <em>cookies<\/em><\/strong><\/h4>\n<p>Al navegar y permanecer en el sitio web, el usuario es consciente del uso de c<em>ookies<\/em> en las condiciones contenidas en esta pol\u00edtica. El usuario podr\u00e1 acceder a esta Pol\u00edtica de <i>cookies<\/i>\u00a0en el sitio web e informarse sobre ella, a pesar de que puede ejercer el derecho a bloquear, eliminar y rechazar el uso de <em>cookies<\/em> en cualquier momento.<\/p>\n<p>En cualquier caso, dado que las <em>cookies<\/em> no son necesarias para el uso de nuestro sitio web, el usuario puede bloquearlas o deshabilitarlas activando la configuraci\u00f3n del navegador, lo que nos permite rechazar la instalaci\u00f3n de todas las <em>cookies<\/em> o solo algunas de ellas. Casi todos los navegadores le permiten advertir de la presencia de <em>cookies<\/em> o rechazarlas autom\u00e1ticamente. Si los rechaza, puede seguir utilizando el sitio web, aunque algunas caracter\u00edsticas de la experiencia de navegaci\u00f3n podr\u00edan ser limitadas.<\/p>\n<h4><strong>Uso de GOOGLE ANALYTICS<\/strong><\/h4>\n<p>Este sitio web utiliza Google Analytics. Google Analytics es una herramienta de an\u00e1lisis de Google que ayuda a los propietarios de sitios web y aplicaciones a comprender c\u00f3mo interact\u00faan los usuarios con sus productos. Esta herramienta puede utilizar un conjunto de <em>cookies<\/em> para recopilar informaci\u00f3n y proporcionar estad\u00edsticas de uso de sitios web sin identificar individual y personalmente a los visitantes de Google. La <em>cookie<\/em> principal utilizada por Google Analytics es \u00ab__ga\u00bb.<\/p>\n<p>Adem\u00e1s de proporcionar estad\u00edsticas de uso del sitio web, Google Analytics tambi\u00e9n se puede utilizar, junto con algunas de las <em>cookies<\/em> publicitarias descritas anteriormente, para mostrar anuncios m\u00e1s relevantes en las propiedades de Google (como la b\u00fasqueda de Google) y en web, as\u00ed como medir las interacciones con los anuncios que mostramos.<\/p>\n<p><a href=\"https:\/\/developers.google.com\/analytics\/devguides\/collection\/analyticsjs\/cookie-usage?hl=ca\" target=\"_blank\" rel=\"noopener noreferrer\">Obt\u00e9n m\u00e1s informaci\u00f3n sobre las <em>cookies<\/em> y la privacidad de la informaci\u00f3n en Google Analytics.<\/a>[\/vc_column_text][\/vc_column][vc_column width=\u00bb1\/6&#8243;][\/vc_column][\/vc_row]<\/p>\n<\/div>","protected":false},"excerpt":{"rendered":"<p>[vc_row][vc_column width=\u00bb1\/6&#8243;][\/vc_column][vc_column width=\u00bb2\/3&#8243;][vc_empty_space][vc_column_text]El sitio web utiliza cookies propias y de terceros con el fin de optimizar la navegaci\u00f3n adaptando la informaci\u00f3n y los servicios ofrecidos a los intereses del usuario. Al navegar o utilizar los servicios del sitio web, el usuario acepta la pol\u00edtica de cookies de Albert Brugu\u00e9s Dav\u00ed. \u00bfQu\u00e9 son las cookies? Las <\/p>\n<div class=\"btn-more-wrapper\"><a href=\"https:\/\/dermatologolaser.com\/es\/politica-cookies\/\" class=\"btn btn-sm btn-hover-fill\"><svg class=\"icon icon-right-arrow\" version=\"1.1\" xmlns=\"http:\/\/www.w3.org\/2000\/svg\" width=\"32\" height=\"32\" viewBox=\"0 0 32 32\"><path d=\"M21.548 5.088c-0.436-0.451-1.162-0.451-1.613 0-0.436 0.436-0.436 1.162 0 1.596l8.177 8.177h-26.984c-0.629 0.001-1.129 0.501-1.129 1.13s0.5 1.145 1.129 1.145h26.984l-8.177 8.162c-0.436 0.451-0.436 1.178 0 1.613 0.451 0.451 1.178 0.451 1.613 0l10.113-10.113c0.451-0.436 0.451-1.162 0-1.596l-10.113-10.114z\"><\/path><\/svg>Read More<span class=\"screen-reader-text\"> \u00abPol\u00edtica de &lt;i&gt;cookies&lt;\/i&gt;\u00bb<\/span><svg class=\"icon icon-right-arrow\" version=\"1.1\" xmlns=\"http:\/\/www.w3.org\/2000\/svg\" width=\"32\" height=\"32\" viewBox=\"0 0 32 32\"><path d=\"M21.548 5.088c-0.436-0.451-1.162-0.451-1.613 0-0.436 0.436-0.436 1.162 0 1.596l8.177 8.177h-26.984c-0.629 0.001-1.129 0.501-1.129 1.13s0.5 1.145 1.129 1.145h26.984l-8.177 8.162c-0.436 0.451-0.436 1.178 0 1.613 0.451 0.451 1.178 0.451 1.613 0l10.113-10.113c0.451-0.436 0.451-1.162 0-1.596l-10.113-10.114z\"><\/path><\/svg><\/a><\/div>\n","protected":false},"author":1,"featured_media":0,"parent":0,"menu_order":0,"comment_status":"closed","ping_status":"closed","template":"","meta":{"footnotes":""},"class_list":["post-745","page","type-page","status-publish","hentry"],"yoast_head":"<!-- This site is optimized with the Yoast SEO plugin v26.9 - https:\/\/yoast.com\/product\/yoast-seo-wordpress\/ -->\n<title>Pol\u00edtica de cookies - Dr. Albert Brugu\u00e9s<\/title>\n<meta name=\"robots\" content=\"index, follow, max-snippet:-1, max-image-preview:large, max-video-preview:-1\" \/>\n<link rel=\"canonical\" href=\"https:\/\/dermatologolaser.com\/politica-cookies\/\" \/>\n<meta property=\"og:locale\" content=\"es_ES\" \/>\n<meta property=\"og:type\" content=\"article\" \/>\n<meta property=\"og:title\" content=\"Pol\u00edtica de cookies - Dr. Albert Brugu\u00e9s\" \/>\n<meta property=\"og:description\" content=\"[vc_row][vc_column width=\u00bb1\/6&#8243;][\/vc_column][vc_column width=\u00bb2\/3&#8243;][vc_empty_space][vc_column_text]El sitio web utiliza cookies propias y de terceros con el fin de optimizar la navegaci\u00f3n adaptando la informaci\u00f3n y los servicios ofrecidos a los intereses del usuario. Al navegar o utilizar los servicios del sitio web, el usuario acepta la pol\u00edtica de cookies de Albert Brugu\u00e9s Dav\u00ed. \u00bfQu\u00e9 son las cookies? Las Read More &quot;Pol\u00edtica de &lt;i&gt;cookies&lt;\/i&gt;&quot;\" \/>\n<meta property=\"og:url\" content=\"https:\/\/dermatologolaser.com\/politica-cookies\/\" \/>\n<meta property=\"og:site_name\" content=\"Dr. Albert Brugu\u00e9s\" \/>\n<meta property=\"article:modified_time\" content=\"2020-03-09T14:29:26+00:00\" \/>\n<meta name=\"twitter:card\" content=\"summary_large_image\" \/>\n<meta name=\"twitter:label1\" content=\"Tiempo de lectura\" \/>\n\t<meta name=\"twitter:data1\" content=\"4 minutos\" \/>\n<script type=\"application\/ld+json\" class=\"yoast-schema-graph\">{\"@context\":\"https:\/\/schema.org\",\"@graph\":[{\"@type\":\"WebPage\",\"@id\":\"https:\/\/dermatologolaser.com\/politica-cookies\/\",\"url\":\"https:\/\/dermatologolaser.com\/politica-cookies\/\",\"name\":\"Pol\u00edtica de cookies - Dr. Albert Brugu\u00e9s\",\"isPartOf\":{\"@id\":\"https:\/\/dermatologolaser.com\/#website\"},\"datePublished\":\"2020-01-28T09:58:38+00:00\",\"dateModified\":\"2020-03-09T14:29:26+00:00\",\"breadcrumb\":{\"@id\":\"https:\/\/dermatologolaser.com\/politica-cookies\/#breadcrumb\"},\"inLanguage\":\"es\",\"potentialAction\":[{\"@type\":\"ReadAction\",\"target\":[\"https:\/\/dermatologolaser.com\/politica-cookies\/\"]}]},{\"@type\":\"BreadcrumbList\",\"@id\":\"https:\/\/dermatologolaser.com\/politica-cookies\/#breadcrumb\",\"itemListElement\":[{\"@type\":\"ListItem\",\"position\":1,\"name\":\"Inici\",\"item\":\"https:\/\/dermatologolaser.com\/\"},{\"@type\":\"ListItem\",\"position\":2,\"name\":\"Pol\u00edtica de cookies\"}]},{\"@type\":\"WebSite\",\"@id\":\"https:\/\/dermatologolaser.com\/#website\",\"url\":\"https:\/\/dermatologolaser.com\/\",\"name\":\"Dr. Albert Brugu\u00e9s\",\"description\":\"Dermatologo en Barcelona y Andorra\",\"publisher\":{\"@id\":\"https:\/\/dermatologolaser.com\/#organization\"},\"potentialAction\":[{\"@type\":\"SearchAction\",\"target\":{\"@type\":\"EntryPoint\",\"urlTemplate\":\"https:\/\/dermatologolaser.com\/?s={search_term_string}\"},\"query-input\":{\"@type\":\"PropertyValueSpecification\",\"valueRequired\":true,\"valueName\":\"search_term_string\"}}],\"inLanguage\":\"es\"},{\"@type\":\"Organization\",\"@id\":\"https:\/\/dermatologolaser.com\/#organization\",\"name\":\"Dr. Albert Brugu\u00e9s\",\"url\":\"https:\/\/dermatologolaser.com\/\",\"logo\":{\"@type\":\"ImageObject\",\"inLanguage\":\"es\",\"@id\":\"https:\/\/dermatologolaser.com\/#\/schema\/logo\/image\/\",\"url\":\"https:\/\/dermatologolaser.com\/wp-content\/uploads\/2020\/01\/cropped-logo_blau-1.png\",\"contentUrl\":\"https:\/\/dermatologolaser.com\/wp-content\/uploads\/2020\/01\/cropped-logo_blau-1.png\",\"width\":1000,\"height\":250,\"caption\":\"Dr. Albert Brugu\u00e9s\"},\"image\":{\"@id\":\"https:\/\/dermatologolaser.com\/#\/schema\/logo\/image\/\"}}]}<\/script>\n<!-- \/ Yoast SEO plugin. -->","yoast_head_json":{"title":"Pol\u00edtica de cookies - Dr. Albert Brugu\u00e9s","robots":{"index":"index","follow":"follow","max-snippet":"max-snippet:-1","max-image-preview":"max-image-preview:large","max-video-preview":"max-video-preview:-1"},"canonical":"https:\/\/dermatologolaser.com\/politica-cookies\/","og_locale":"es_ES","og_type":"article","og_title":"Pol\u00edtica de cookies - Dr. Albert Brugu\u00e9s","og_description":"[vc_row][vc_column width=\u00bb1\/6&#8243;][\/vc_column][vc_column width=\u00bb2\/3&#8243;][vc_empty_space][vc_column_text]El sitio web utiliza cookies propias y de terceros con el fin de optimizar la navegaci\u00f3n adaptando la informaci\u00f3n y los servicios ofrecidos a los intereses del usuario. Al navegar o utilizar los servicios del sitio web, el usuario acepta la pol\u00edtica de cookies de Albert Brugu\u00e9s Dav\u00ed. \u00bfQu\u00e9 son las cookies? Las Read More \"Pol\u00edtica de &lt;i&gt;cookies&lt;\/i&gt;\"","og_url":"https:\/\/dermatologolaser.com\/politica-cookies\/","og_site_name":"Dr. Albert Brugu\u00e9s","article_modified_time":"2020-03-09T14:29:26+00:00","twitter_card":"summary_large_image","twitter_misc":{"Tiempo de lectura":"4 minutos"},"schema":{"@context":"https:\/\/schema.org","@graph":[{"@type":"WebPage","@id":"https:\/\/dermatologolaser.com\/politica-cookies\/","url":"https:\/\/dermatologolaser.com\/politica-cookies\/","name":"Pol\u00edtica de cookies - Dr. Albert Brugu\u00e9s","isPartOf":{"@id":"https:\/\/dermatologolaser.com\/#website"},"datePublished":"2020-01-28T09:58:38+00:00","dateModified":"2020-03-09T14:29:26+00:00","breadcrumb":{"@id":"https:\/\/dermatologolaser.com\/politica-cookies\/#breadcrumb"},"inLanguage":"es","potentialAction":[{"@type":"ReadAction","target":["https:\/\/dermatologolaser.com\/politica-cookies\/"]}]},{"@type":"BreadcrumbList","@id":"https:\/\/dermatologolaser.com\/politica-cookies\/#breadcrumb","itemListElement":[{"@type":"ListItem","position":1,"name":"Inici","item":"https:\/\/dermatologolaser.com\/"},{"@type":"ListItem","position":2,"name":"Pol\u00edtica de cookies"}]},{"@type":"WebSite","@id":"https:\/\/dermatologolaser.com\/#website","url":"https:\/\/dermatologolaser.com\/","name":"Dr. Albert Brugu\u00e9s","description":"Dermatologo en Barcelona y Andorra","publisher":{"@id":"https:\/\/dermatologolaser.com\/#organization"},"potentialAction":[{"@type":"SearchAction","target":{"@type":"EntryPoint","urlTemplate":"https:\/\/dermatologolaser.com\/?s={search_term_string}"},"query-input":{"@type":"PropertyValueSpecification","valueRequired":true,"valueName":"search_term_string"}}],"inLanguage":"es"},{"@type":"Organization","@id":"https:\/\/dermatologolaser.com\/#organization","name":"Dr. Albert Brugu\u00e9s","url":"https:\/\/dermatologolaser.com\/","logo":{"@type":"ImageObject","inLanguage":"es","@id":"https:\/\/dermatologolaser.com\/#\/schema\/logo\/image\/","url":"https:\/\/dermatologolaser.com\/wp-content\/uploads\/2020\/01\/cropped-logo_blau-1.png","contentUrl":"https:\/\/dermatologolaser.com\/wp-content\/uploads\/2020\/01\/cropped-logo_blau-1.png","width":1000,"height":250,"caption":"Dr. Albert Brugu\u00e9s"},"image":{"@id":"https:\/\/dermatologolaser.com\/#\/schema\/logo\/image\/"}}]}},"_links":{"self":[{"href":"https:\/\/dermatologolaser.com\/es\/wp-json\/wp\/v2\/pages\/745","targetHints":{"allow":["GET"]}}],"collection":[{"href":"https:\/\/dermatologolaser.com\/es\/wp-json\/wp\/v2\/pages"}],"about":[{"href":"https:\/\/dermatologolaser.com\/es\/wp-json\/wp\/v2\/types\/page"}],"author":[{"embeddable":true,"href":"https:\/\/dermatologolaser.com\/es\/wp-json\/wp\/v2\/users\/1"}],"replies":[{"embeddable":true,"href":"https:\/\/dermatologolaser.com\/es\/wp-json\/wp\/v2\/comments?post=745"}],"version-history":[{"count":4,"href":"https:\/\/dermatologolaser.com\/es\/wp-json\/wp\/v2\/pages\/745\/revisions"}],"predecessor-version":[{"id":825,"href":"https:\/\/dermatologolaser.com\/es\/wp-json\/wp\/v2\/pages\/745\/revisions\/825"}],"wp:attachment":[{"href":"https:\/\/dermatologolaser.com\/es\/wp-json\/wp\/v2\/media?parent=745"}],"curies":[{"name":"wp","href":"https:\/\/api.w.org\/{rel}","templated":true}]}}